{"id":407,"date":"2024-03-20T13:03:39","date_gmt":"2024-03-20T16:03:39","guid":{"rendered":"https:\/\/colecaofb.com.br\/?page_id=407"},"modified":"2024-06-10T14:17:45","modified_gmt":"2024-06-10T17:17:45","slug":"contato","status":"publish","type":"page","link":"https:\/\/colecaofb.com.br\/?page_id=407","title":{"rendered":""},"content":{"rendered":"\n<h2 class=\"wp-block-heading has-text-align-center has-text-color has-link-color has-large-font-size wp-elements-7b23f1a94ff5cfd15694b5f50b912168\" style=\"color:#6d6f70;font-style:normal;font-weight:100\">Contato<\/h2>\n\n\n\n<p>Ol\u00e1,<br><br>Para maiores informa\u00e7\u00f5es, entrar em contato pelo e-mail\u00a0<strong>lourdina.rabieh@terra.com.br<\/strong>\u00a0ou pelo WhatsApp\u00a0<strong>55+11 983487849<\/strong>.<\/p>\n\n\n\n<p>Enviar e-mail, <a href=\"mailto:lourdina.rabieh@terra.com.br?subject=D%C3%BAvida%20sobre%20item\">Clique Aqui<\/a><\/p>\n\n\n\n<p>Para falar pelo WhatsApp, <a href=\"https:\/\/api.whatsapp.com\/send?phone=5511983487849&amp;text=&amp;source=&amp;data=\">Clique aqui<\/a><\/p>\n\n\n\n<div class=\"wp-block-essential-blocks-button  root-eb-button-aht0b\"><div class=\"eb-parent-wrapper eb-parent-eb-button-aht0b \"><div class=\"eb-button-wrapper eb-button-alignment eb-button-aht0b\"><div class=\"eb-button\"><a class=\"eb-button-anchor\" href=\"http:\/\/colecaofb.com.br\/\" rel=\"noopener\">Voltar para o in\u00edcio<\/a><\/div><\/div><\/div><\/div>\n","protected":false},"excerpt":{"rendered":"<p>Contato Ol\u00e1, Para maiores informa\u00e7\u00f5es, entrar em contato pelo e-mail\u00a0lourdina.rabieh@terra.com.br\u00a0ou pelo WhatsApp\u00a055+11 983487849. Enviar e-mail, Clique Aqui Para falar pelo WhatsApp, Clique aqui<\/p>\n","protected":false},"author":1,"featured_media":0,"parent":0,"menu_order":0,"comment_status":"closed","ping_status":"closed","template":"","meta":{"_eb_attr":"","footnotes":""},"_links":{"self":[{"href":"https:\/\/colecaofb.com.br\/index.php?rest_route=\/wp\/v2\/pages\/407"}],"collection":[{"href":"https:\/\/colecaofb.com.br\/index.php?rest_route=\/wp\/v2\/pages"}],"about":[{"href":"https:\/\/colecaofb.com.br\/index.php?rest_route=\/wp\/v2\/types\/page"}],"author":[{"embeddable":true,"href":"https:\/\/colecaofb.com.br\/index.php?rest_route=\/wp\/v2\/users\/1"}],"replies":[{"embeddable":true,"href":"https:\/\/colecaofb.com.br\/index.php?rest_route=%2Fwp%2Fv2%2Fcomments&post=407"}],"version-history":[{"count":18,"href":"https:\/\/colecaofb.com.br\/index.php?rest_route=\/wp\/v2\/pages\/407\/revisions"}],"predecessor-version":[{"id":1447,"href":"https:\/\/colecaofb.com.br\/index.php?rest_route=\/wp\/v2\/pages\/407\/revisions\/1447"}],"wp:attachment":[{"href":"https:\/\/colecaofb.com.br\/index.php?rest_route=%2Fwp%2Fv2%2Fmedia&parent=407"}],"curies":[{"name":"wp","href":"https:\/\/api.w.org\/{rel}","templated":true}]}}